{"id":178,"date":"2022-12-18T22:13:45","date_gmt":"2022-12-18T22:13:45","guid":{"rendered":"https:\/\/gogosicily.com\/product\/import-placeholder-for-1009\/"},"modified":"2025-05-13T11:03:02","modified_gmt":"2025-05-13T11:03:02","slug":"sicilian-pistachio-cream-zero-sugars","status":"publish","type":"product","link":"https:\/\/gogosicily.com\/it\/product\/sicilian-pistachio-cream-zero-sugars\/","title":{"rendered":"Crema di Pistacchio Sicilia Zero Zuccheri"},"content":{"rendered":"<p>La crema spalmabile al pistacchio ZERO ZUCCHERI, ZERO GLUTINE, ZERO LATTOSIO, \u00e8 perfetta per i diabetici, per chi \u00e8 intollerante al lattosio e per i pi\u00f9 golosi che non vogliono rinunciare a tutto il gusto di una crema dolce e vellutata al pistacchio, senza effetti collaterali per la salute.<\/p>\n<p>Ideale per una colazione sana e deliziosa, da assaporare semplicemente al cucchiaio o per ricaricarsi durante la giornata.<\/p>\n<p>Ingredienti:<br \/>\nPistacchio di Sicilia (65%), Eritritolo, Olio Extra Vergine d&#8217;Oliva<\/p>\n","protected":false},"excerpt":{"rendered":"<p>Ingredients:<br \/>\nSicilian Pistachio (65%), Erythritol, Extra Virgin Olive Oil<\/p>\n","protected":false},"featured_media":600,"template":"","meta":[],"product_cat":[62,54,42],"product_tag":[59],"class_list":{"0":"post-178","1":"product","2":"type-product","3":"status-publish","4":"has-post-thumbnail","6":"product_cat-new","7":"product_cat-all-products","8":"product_cat-sweet-creams","9":"product_tag-i-dolci-sapori-delletna","11":"first","12":"instock","13":"taxable","14":"shipping-taxable","15":"purchasable","16":"product-type-simple"},"jetpack_sharing_enabled":true,"_links":{"self":[{"href":"https:\/\/gogosicily.com\/it\/wp-json\/wp\/v2\/product\/178","targetHints":{"allow":["GET"]}}],"collection":[{"href":"https:\/\/gogosicily.com\/it\/wp-json\/wp\/v2\/product"}],"about":[{"href":"https:\/\/gogosicily.com\/it\/wp-json\/wp\/v2\/types\/product"}],"wp:featuredmedia":[{"embeddable":true,"href":"https:\/\/gogosicily.com\/it\/wp-json\/wp\/v2\/media\/600"}],"wp:attachment":[{"href":"https:\/\/gogosicily.com\/it\/wp-json\/wp\/v2\/media?parent=178"}],"wp:term":[{"taxonomy":"product_cat","embeddable":true,"href":"https:\/\/gogosicily.com\/it\/wp-json\/wp\/v2\/product_cat?post=178"},{"taxonomy":"product_tag","embeddable":true,"href":"https:\/\/gogosicily.com\/it\/wp-json\/wp\/v2\/product_tag?post=178"}],"curies":[{"name":"wp","href":"https:\/\/api.w.org\/{rel}","templated":true}]}}