{"id":740,"date":"2024-04-30T11:43:06","date_gmt":"2024-04-30T11:43:06","guid":{"rendered":"https:\/\/gogosicily.com\/product\/\/"},"modified":"2026-01-13T12:08:56","modified_gmt":"2026-01-13T12:08:56","slug":"pesto-siciliana","status":"publish","type":"product","link":"https:\/\/gogosicily.com\/de\/product\/sizilianer-art-pesto\/","title":{"rendered":"Sizilianer Art Pesto"},"content":{"rendered":"<p>Schlie\u00dfen Sie die Augen und schmecken Sie die Aromen Siziliens, atmen Sie die D\u00fcfte seiner charakteristischen Produkte ein: Mandeln, Sardellen, Kirschtomaten.<\/p>\n<p>ZUTATEN<br \/>\nKirschtomaten,<br \/>\nMandeln,<br \/>\nEVO-\u00d6l,<br \/>\nSultaninen,<br \/>\nSardellen,<br \/>\nBallaststoffe, Salz, Pfeffer, Muskatnuss.<\/p>\n","protected":false},"excerpt":{"rendered":"<p>Schlie\u00dfen Sie die Augen und schmecken Sie die Aromen Siziliens, atmen Sie die D\u00fcfte seiner charakteristischen Produkte ein: Mandeln, Sardellen, Kirschtomaten. ZUTATEN Kirschtomaten, Mandeln, EVO-\u00d6l, Sultaninen, Sardellen, Ballaststoffe, Salz, Pfeffer, Muskatnuss.<\/p>\n","protected":false},"featured_media":719,"template":"","meta":[],"product_cat":[62,54,49],"product_tag":[59],"class_list":{"0":"post-740","1":"product","2":"type-product","3":"status-publish","4":"has-post-thumbnail","6":"product_cat-new","7":"product_cat-all-products","8":"product_cat-pesto","9":"product_tag-i-dolci-sapori-delletna","11":"first","12":"outofstock","13":"taxable","14":"shipping-taxable","15":"product-type-variable","16":"has-default-attributes"},"jetpack_sharing_enabled":true,"_links":{"self":[{"href":"https:\/\/gogosicily.com\/de\/wp-json\/wp\/v2\/product\/740","targetHints":{"allow":["GET"]}}],"collection":[{"href":"https:\/\/gogosicily.com\/de\/wp-json\/wp\/v2\/product"}],"about":[{"href":"https:\/\/gogosicily.com\/de\/wp-json\/wp\/v2\/types\/product"}],"wp:featuredmedia":[{"embeddable":true,"href":"https:\/\/gogosicily.com\/de\/wp-json\/wp\/v2\/media\/719"}],"wp:attachment":[{"href":"https:\/\/gogosicily.com\/de\/wp-json\/wp\/v2\/media?parent=740"}],"wp:term":[{"taxonomy":"product_cat","embeddable":true,"href":"https:\/\/gogosicily.com\/de\/wp-json\/wp\/v2\/product_cat?post=740"},{"taxonomy":"product_tag","embeddable":true,"href":"https:\/\/gogosicily.com\/de\/wp-json\/wp\/v2\/product_tag?post=740"}],"curies":[{"name":"wp","href":"https:\/\/api.w.org\/{rel}","templated":true}]}}