{"id":709,"date":"2024-04-30T10:31:25","date_gmt":"2024-04-30T10:31:25","guid":{"rendered":"https:\/\/gogosicily.com\/product\/\/"},"modified":"2025-05-13T10:18:39","modified_gmt":"2025-05-13T10:18:39","slug":"gianduja-cream","status":"publish","type":"product","link":"https:\/\/gogosicily.com\/de\/product\/gianduja-creme\/","title":{"rendered":"Gianduja Creme"},"content":{"rendered":"<p>Ideal f\u00fcr ein gesundes und k\u00f6stliches Fr\u00fchst\u00fcck, um es einfach l\u00f6ffelweise zu genie\u00dfen oder um sich den ganzen Tag \u00fcber zu st\u00e4rken.<\/p>\n<p>ZUTATEN<br \/>\n<strong>Haselnuss (30%)<\/strong>,<br \/>\nZucker,<br \/>\nSonnenblumen\u00f6l,<br \/>\nPflanzenfett (Palm),<br \/>\n<strong>Bitterkakao (10%)<\/strong>,<br \/>\nMagermilchpulver,<br \/>\nMolkenpulver,<br \/>\nEmulgator: SOJA-Lecithin,<br \/>\nAroma (Vanillin)<\/p>\n","protected":false},"excerpt":{"rendered":"<p>INGREDIENTS<br \/>\n<strong>Hazelnut (30%)<\/strong>,<br \/>\nsugar,<br \/>\nsunflower oil,<br \/>\nvegetable fat (palm),<br \/>\n<strong>bitter cocoa (10%)<\/strong>,<br \/>\nskimmed milk powder,<br \/>\nwhey powder,<br \/>\nemulsifier: SOY lecithin,<br \/>\nflavouring (vanillin)<\/p>\n","protected":false},"featured_media":736,"template":"","meta":[],"product_cat":[54,42],"product_tag":[59],"class_list":{"0":"post-709","1":"product","2":"type-product","3":"status-publish","4":"has-post-thumbnail","6":"product_cat-all-products","7":"product_cat-sweet-creams","8":"product_tag-i-dolci-sapori-delletna","10":"first","11":"instock","12":"taxable","13":"shipping-taxable","14":"purchasable","15":"product-type-variable","16":"has-default-attributes"},"jetpack_sharing_enabled":true,"_links":{"self":[{"href":"https:\/\/gogosicily.com\/de\/wp-json\/wp\/v2\/product\/709","targetHints":{"allow":["GET"]}}],"collection":[{"href":"https:\/\/gogosicily.com\/de\/wp-json\/wp\/v2\/product"}],"about":[{"href":"https:\/\/gogosicily.com\/de\/wp-json\/wp\/v2\/types\/product"}],"wp:featuredmedia":[{"embeddable":true,"href":"https:\/\/gogosicily.com\/de\/wp-json\/wp\/v2\/media\/736"}],"wp:attachment":[{"href":"https:\/\/gogosicily.com\/de\/wp-json\/wp\/v2\/media?parent=709"}],"wp:term":[{"taxonomy":"product_cat","embeddable":true,"href":"https:\/\/gogosicily.com\/de\/wp-json\/wp\/v2\/product_cat?post=709"},{"taxonomy":"product_tag","embeddable":true,"href":"https:\/\/gogosicily.com\/de\/wp-json\/wp\/v2\/product_tag?post=709"}],"curies":[{"name":"wp","href":"https:\/\/api.w.org\/{rel}","templated":true}]}}