{"id":232,"date":"2022-12-18T22:13:54","date_gmt":"2022-12-18T22:13:54","guid":{"rendered":"https:\/\/gogosicily.com\/product\/import-placeholder-for-1070\/"},"modified":"2024-04-27T16:06:17","modified_gmt":"2024-04-27T16:06:17","slug":"pistachio-pesto-with-bronte-d-o-p-green-pistachios","status":"publish","type":"product","link":"https:\/\/gogosicily.com\/de\/product\/pistachio-pesto-with-bronte-d-o-p-green-pistachios\/","title":{"rendered":"Pistazien-Pesto mit gr\u00fcnen Pistazien von Bronte D.O.P."},"content":{"rendered":"<p>Bio-Trockenfr\u00fcchte f\u00fcr Ihre gesunden und schmackhaften herzhaften Gerichte.<br \/>\nEinfache und wertvolle Zutaten f\u00fcr einen einzigartigen und unverwechselbaren Geschmack.<\/p>\n<p>Zutaten:<br \/>\nNatives Oliven\u00f6l extra, Salz, Pistazie verde di Bronte D.O.P. (60%)<\/p>\n","protected":false},"excerpt":{"rendered":"<p>Ingredients:<br \/>\nExtra virgin olive oil, Salt, Pistachio verde di Bronte D.O.P. (60%)<\/p>\n","protected":false},"featured_media":586,"template":"","meta":[],"product_cat":[55,54,49],"product_tag":[58,59],"class_list":{"0":"post-232","1":"product","2":"type-product","3":"status-publish","4":"has-post-thumbnail","6":"product_cat-bio","7":"product_cat-all-products","8":"product_cat-pesto","9":"product_tag-bio","10":"product_tag-i-dolci-sapori-delletna","12":"first","13":"instock","14":"taxable","15":"shipping-taxable","16":"purchasable","17":"product-type-simple"},"jetpack_sharing_enabled":true,"_links":{"self":[{"href":"https:\/\/gogosicily.com\/de\/wp-json\/wp\/v2\/product\/232","targetHints":{"allow":["GET"]}}],"collection":[{"href":"https:\/\/gogosicily.com\/de\/wp-json\/wp\/v2\/product"}],"about":[{"href":"https:\/\/gogosicily.com\/de\/wp-json\/wp\/v2\/types\/product"}],"wp:featuredmedia":[{"embeddable":true,"href":"https:\/\/gogosicily.com\/de\/wp-json\/wp\/v2\/media\/586"}],"wp:attachment":[{"href":"https:\/\/gogosicily.com\/de\/wp-json\/wp\/v2\/media?parent=232"}],"wp:term":[{"taxonomy":"product_cat","embeddable":true,"href":"https:\/\/gogosicily.com\/de\/wp-json\/wp\/v2\/product_cat?post=232"},{"taxonomy":"product_tag","embeddable":true,"href":"https:\/\/gogosicily.com\/de\/wp-json\/wp\/v2\/product_tag?post=232"}],"curies":[{"name":"wp","href":"https:\/\/api.w.org\/{rel}","templated":true}]}}