{"id":220,"date":"2022-12-18T22:13:51","date_gmt":"2022-12-18T22:13:51","guid":{"rendered":"https:\/\/gogosicily.com\/product\/import-placeholder-for-1058\/"},"modified":"2024-12-30T17:21:48","modified_gmt":"2024-12-30T17:21:48","slug":"pantesco-pesto","status":"publish","type":"product","link":"https:\/\/gogosicily.com\/de\/product\/pantesco-pesto\/","title":{"rendered":"\"Pantesco\" Pesto"},"content":{"rendered":"<p>Dieses Produkt eignet sich ideal als Gew\u00fcrz f\u00fcr Spaghetti, wird als Beilage zu gegrilltem Fisch empfohlen oder einfach als Gew\u00fcrz f\u00fcr k\u00f6stliche Bruschetta-H\u00e4ppchen mit dem leichten Aroma von sizilianischem Knoblauch<\/p>\n<p>Zutaten:<br \/>\nRote Tomaten, natives Oliven\u00f6l extra, Basilikum, Mandeln, Knoblauch, Salz, Zucker, Petersilie, Oregano, Chilischote, Minze.<\/p>\n","protected":false},"excerpt":{"rendered":"<p>Ingredients:<br \/>\nRed tomato, extra virgin olive oil, basil, almonds, garlic, salt, sugar, parsley, oregano, chilli pepper, mint.<\/p>\n","protected":false},"featured_media":630,"template":"","meta":[],"product_cat":[54,16,51,49],"product_tag":[61],"class_list":{"0":"post-220","1":"product","2":"type-product","3":"status-publish","4":"has-post-thumbnail","6":"product_cat-all-products","7":"product_cat-antipasti-appetizer-spreads","8":"product_cat-cooking-sauces","9":"product_cat-pesto","10":"product_tag-antichi-sapori-di-sicilia","12":"first","13":"outofstock","14":"taxable","15":"shipping-taxable","16":"purchasable","17":"product-type-simple"},"jetpack_sharing_enabled":true,"_links":{"self":[{"href":"https:\/\/gogosicily.com\/de\/wp-json\/wp\/v2\/product\/220","targetHints":{"allow":["GET"]}}],"collection":[{"href":"https:\/\/gogosicily.com\/de\/wp-json\/wp\/v2\/product"}],"about":[{"href":"https:\/\/gogosicily.com\/de\/wp-json\/wp\/v2\/types\/product"}],"wp:featuredmedia":[{"embeddable":true,"href":"https:\/\/gogosicily.com\/de\/wp-json\/wp\/v2\/media\/630"}],"wp:attachment":[{"href":"https:\/\/gogosicily.com\/de\/wp-json\/wp\/v2\/media?parent=220"}],"wp:term":[{"taxonomy":"product_cat","embeddable":true,"href":"https:\/\/gogosicily.com\/de\/wp-json\/wp\/v2\/product_cat?post=220"},{"taxonomy":"product_tag","embeddable":true,"href":"https:\/\/gogosicily.com\/de\/wp-json\/wp\/v2\/product_tag?post=220"}],"curies":[{"name":"wp","href":"https:\/\/api.w.org\/{rel}","templated":true}]}}