{"id":208,"date":"2022-12-18T22:13:50","date_gmt":"2022-12-18T22:13:50","guid":{"rendered":"https:\/\/gogosicily.com\/product\/import-placeholder-for-1044\/"},"modified":"2026-01-13T12:15:12","modified_gmt":"2026-01-13T12:15:12","slug":"aubergine-pate","status":"publish","type":"product","link":"https:\/\/gogosicily.com\/de\/product\/aubergine-pate\/","title":{"rendered":"Auberginenpastete"},"content":{"rendered":"<p>Ein handwerkliches und unverf\u00e4lschtes Produkt zum Servieren auf Crostini oder mit Brotstangen. <\/p>\n<p>Die Auberginenpastete wird nach dem traditionellen sizilianischen Rezept zubereitet.<br \/>\nWir empfehlen, die Pat\u00e9 au naturel auf einer Scheibe Brot zu genie\u00dfen. <\/p>\n<p>Sie passt hervorragend zu gegrilltem Fleisch, insbesondere zu Spie\u00dfen mit gemischtem Fleisch.<\/p>\n<p>Zutaten:<br \/>\nAuberginen, natives Oliven\u00f6l extra, Sonnenblumen\u00f6l, Knoblauch, Salz, Wei\u00dfweinessig, Pfeffer, Chilipfeffer, Oregano.<\/p>\n","protected":false},"excerpt":{"rendered":"<p>Ingredients:<br \/>\nAubergines, Extra-Virgin Olive Oil, Sunflower Oil, Garlic, Salt, White Wine Vinegar, Pepper, Chilli Pepper, Oregano.<\/p>\n","protected":false},"featured_media":619,"template":"","meta":[],"product_cat":[54,16],"product_tag":[61],"class_list":{"0":"post-208","1":"product","2":"type-product","3":"status-publish","4":"has-post-thumbnail","6":"product_cat-all-products","7":"product_cat-antipasti-appetizer-spreads","8":"product_tag-antichi-sapori-di-sicilia","10":"first","11":"outofstock","12":"taxable","13":"shipping-taxable","14":"product-type-variable","15":"has-default-attributes"},"jetpack_sharing_enabled":true,"_links":{"self":[{"href":"https:\/\/gogosicily.com\/de\/wp-json\/wp\/v2\/product\/208","targetHints":{"allow":["GET"]}}],"collection":[{"href":"https:\/\/gogosicily.com\/de\/wp-json\/wp\/v2\/product"}],"about":[{"href":"https:\/\/gogosicily.com\/de\/wp-json\/wp\/v2\/types\/product"}],"wp:featuredmedia":[{"embeddable":true,"href":"https:\/\/gogosicily.com\/de\/wp-json\/wp\/v2\/media\/619"}],"wp:attachment":[{"href":"https:\/\/gogosicily.com\/de\/wp-json\/wp\/v2\/media?parent=208"}],"wp:term":[{"taxonomy":"product_cat","embeddable":true,"href":"https:\/\/gogosicily.com\/de\/wp-json\/wp\/v2\/product_cat?post=208"},{"taxonomy":"product_tag","embeddable":true,"href":"https:\/\/gogosicily.com\/de\/wp-json\/wp\/v2\/product_tag?post=208"}],"curies":[{"name":"wp","href":"https:\/\/api.w.org\/{rel}","templated":true}]}}