{"id":178,"date":"2022-12-18T22:13:45","date_gmt":"2022-12-18T22:13:45","guid":{"rendered":"https:\/\/gogosicily.com\/product\/import-placeholder-for-1009\/"},"modified":"2025-05-13T11:03:02","modified_gmt":"2025-05-13T11:03:02","slug":"sicilian-pistachio-cream-zero-sugars","status":"publish","type":"product","link":"https:\/\/gogosicily.com\/de\/product\/sicilian-pistachio-cream-zero-sugars\/","title":{"rendered":"Sizilianische Pistaziencreme Zero Sugars"},"content":{"rendered":"<p>ZERO SUGARS, ZERO GLUTEN, ZERO LACTOSE Pistazienaufstrich ist perfekt f\u00fcr Diabetiker, Menschen mit Laktoseintoleranz und Naschkatzen, die nicht auf den Geschmack einer s\u00fc\u00dfen, samtigen Pistaziencreme ohne gesundheitliche Nebenwirkungen verzichten wollen.<\/p>\n<p>Ideal f\u00fcr ein gesundes und k\u00f6stliches Fr\u00fchst\u00fcck, um einfach l\u00f6ffelweise zu genie\u00dfen oder um sich den ganzen Tag \u00fcber zu st\u00e4rken.<\/p>\n<p>Zutaten:<br \/>\nSizilianische Pistazie (65%), Erythritol, Natives Oliven\u00f6l Extra<\/p>\n","protected":false},"excerpt":{"rendered":"<p>Ingredients:<br \/>\nSicilian Pistachio (65%), Erythritol, Extra Virgin Olive Oil<\/p>\n","protected":false},"featured_media":600,"template":"","meta":[],"product_cat":[62,54,42],"product_tag":[59],"class_list":{"0":"post-178","1":"product","2":"type-product","3":"status-publish","4":"has-post-thumbnail","6":"product_cat-new","7":"product_cat-all-products","8":"product_cat-sweet-creams","9":"product_tag-i-dolci-sapori-delletna","11":"first","12":"instock","13":"taxable","14":"shipping-taxable","15":"purchasable","16":"product-type-simple"},"jetpack_sharing_enabled":true,"_links":{"self":[{"href":"https:\/\/gogosicily.com\/de\/wp-json\/wp\/v2\/product\/178","targetHints":{"allow":["GET"]}}],"collection":[{"href":"https:\/\/gogosicily.com\/de\/wp-json\/wp\/v2\/product"}],"about":[{"href":"https:\/\/gogosicily.com\/de\/wp-json\/wp\/v2\/types\/product"}],"wp:featuredmedia":[{"embeddable":true,"href":"https:\/\/gogosicily.com\/de\/wp-json\/wp\/v2\/media\/600"}],"wp:attachment":[{"href":"https:\/\/gogosicily.com\/de\/wp-json\/wp\/v2\/media?parent=178"}],"wp:term":[{"taxonomy":"product_cat","embeddable":true,"href":"https:\/\/gogosicily.com\/de\/wp-json\/wp\/v2\/product_cat?post=178"},{"taxonomy":"product_tag","embeddable":true,"href":"https:\/\/gogosicily.com\/de\/wp-json\/wp\/v2\/product_tag?post=178"}],"curies":[{"name":"wp","href":"https:\/\/api.w.org\/{rel}","templated":true}]}}