{"id":114,"date":"2022-10-29T23:54:49","date_gmt":"2022-10-29T23:54:49","guid":{"rendered":"https:\/\/gogosicily.com\/?page_id=114"},"modified":"2025-05-13T15:29:46","modified_gmt":"2025-05-13T15:29:46","slug":"impressum","status":"publish","type":"page","link":"https:\/\/gogosicily.com\/de\/impressum\/","title":{"rendered":"Impressum"},"content":{"rendered":"<p><strong>Unternehmen:<\/strong><br>Go Go Sicily<\/p><p><strong>Inhaber:<\/strong><br>Samuele di Giorgio<\/p><p><strong>Adresse:<\/strong><br>Van der N\u00fcll Gasse 90, 1100 Wien, \u00d6sterreich<\/p><p><strong>Telefon:<\/strong><br>+43 660 3222283<\/p><p><strong>E-Mail:<\/strong><br><a>info@gogosicily.com<\/a><\/p><p><strong>Website:<\/strong><br><a class=\"\" href=\"https:\/\/www.gogosicily.com\">www.gogosicily.com<\/a><\/p><p><strong>Umsatzsteuer-ID (UID):<\/strong><br>ATU77559508<\/p><p><strong>Unternehmensgegenstand:<\/strong><br>Verkauf von Lebensmittelprodukten, insbesondere italienischen Spezialit\u00e4ten<\/p><p><strong>Zust\u00e4ndig f\u00fcr den Inhalt<\/strong><br>Samuele di Giorgio<\/p><p><\/p>","protected":false},"excerpt":{"rendered":"<p>Unternehmen:Go Go Sicily Inhaber:Samuele di Giorgio Adresse:Van der N\u00fcll Gasse 90, 1100 Wien, \u00d6sterreich Telefon:+43 660 3222283 E-Mail:info@gogosicily.com Website:www.gogosicily.com Umsatzsteuer-ID (UID):ATU77559508 Unternehmensgegenstand:Verkauf von Lebensmittelprodukten, insbesondere italienischen Spezialit\u00e4ten Zust\u00e4ndig f\u00fcr den InhaltSamuele di Giorgio<\/p>\n","protected":false},"author":1,"featured_media":0,"parent":0,"menu_order":0,"comment_status":"closed","ping_status":"closed","template":"","meta":{"footnotes":""},"class_list":["post-114","page","type-page","status-publish","hentry"],"jetpack_sharing_enabled":true,"_links":{"self":[{"href":"https:\/\/gogosicily.com\/de\/wp-json\/wp\/v2\/pages\/114","targetHints":{"allow":["GET"]}}],"collection":[{"href":"https:\/\/gogosicily.com\/de\/wp-json\/wp\/v2\/pages"}],"about":[{"href":"https:\/\/gogosicily.com\/de\/wp-json\/wp\/v2\/types\/page"}],"author":[{"embeddable":true,"href":"https:\/\/gogosicily.com\/de\/wp-json\/wp\/v2\/users\/1"}],"replies":[{"embeddable":true,"href":"https:\/\/gogosicily.com\/de\/wp-json\/wp\/v2\/comments?post=114"}],"version-history":[{"count":8,"href":"https:\/\/gogosicily.com\/de\/wp-json\/wp\/v2\/pages\/114\/revisions"}],"predecessor-version":[{"id":1150,"href":"https:\/\/gogosicily.com\/de\/wp-json\/wp\/v2\/pages\/114\/revisions\/1150"}],"wp:attachment":[{"href":"https:\/\/gogosicily.com\/de\/wp-json\/wp\/v2\/media?parent=114"}],"curies":[{"name":"wp","href":"https:\/\/api.w.org\/{rel}","templated":true}]}}