{"id":111,"date":"2022-10-29T23:53:40","date_gmt":"2022-10-29T23:53:40","guid":{"rendered":"https:\/\/gogosicily.com\/?page_id=111"},"modified":"2023-03-23T11:58:55","modified_gmt":"2023-03-23T11:58:55","slug":"events","status":"publish","type":"page","link":"https:\/\/gogosicily.com\/de\/events\/","title":{"rendered":"Events"},"content":{"rendered":"<p>24.03.2023 \u2013 10.04.2023 GoGoSicily geht\u201eAm Hof\u201c<\/p>\n<p>Ab dem 24. M\u00e4rz k\u00f6nnen Sie unseren Shop auf dem Ostermarkt &#8222;<a href=\"https:\/\/www.ostermarkt-hof.at\/\" data-type=\"URL\" data-id=\"https:\/\/www.ostermarkt-hof.at\/\">AM HOF<\/a>&#8220; besuchen.<br \/>\nunser stand ist die nummer 49.<\/p>\n<p>Wir freuen uns, Sie alle in unserer sizilianischen Atmosph\u00e4re begr\u00fc\u00dfen zu d\u00fcrfen!!!<\/p>\n<p><img data-recalc-dims=\"1\" loading=\"lazy\" decoding=\"async\" class=\"wp-image-384 alignright\" src=\"https:\/\/i0.wp.com\/gogosicily.com\/wp-content\/uploads\/2023\/03\/PHOTO-2023-03-06-20-03-53.jpg?resize=640%2C480&#038;ssl=1\" alt=\"\" width=\"640\" height=\"480\" srcset=\"https:\/\/i0.wp.com\/gogosicily.com\/wp-content\/uploads\/2023\/03\/PHOTO-2023-03-06-20-03-53.jpg?w=1024&amp;ssl=1 1024w, https:\/\/i0.wp.com\/gogosicily.com\/wp-content\/uploads\/2023\/03\/PHOTO-2023-03-06-20-03-53.jpg?resize=300%2C225&amp;ssl=1 300w, https:\/\/i0.wp.com\/gogosicily.com\/wp-content\/uploads\/2023\/03\/PHOTO-2023-03-06-20-03-53.jpg?resize=768%2C576&amp;ssl=1 768w, https:\/\/i0.wp.com\/gogosicily.com\/wp-content\/uploads\/2023\/03\/PHOTO-2023-03-06-20-03-53.jpg?resize=960%2C720&amp;ssl=1 960w, https:\/\/i0.wp.com\/gogosicily.com\/wp-content\/uploads\/2023\/03\/PHOTO-2023-03-06-20-03-53.jpg?resize=64%2C48&amp;ssl=1 64w\" sizes=\"auto, (max-width: 640px) 100vw, 640px\" \/><\/p>\n","protected":false},"excerpt":{"rendered":"<p>24.03.2023 \u2013 10.04.2023 GoGoSicily geht\u201eAm Hof\u201c Ab dem 24. M\u00e4rz k\u00f6nnen Sie unseren Shop auf dem Ostermarkt &#8222;AM HOF&#8220; besuchen. unser stand ist die nummer 49. Wir freuen uns, Sie alle in unserer sizilianischen Atmosph\u00e4re begr\u00fc\u00dfen zu d\u00fcrfen!!!<\/p>\n","protected":false},"author":2,"featured_media":0,"parent":0,"menu_order":0,"comment_status":"closed","ping_status":"closed","template":"","meta":{"footnotes":""},"class_list":["post-111","page","type-page","status-publish","hentry"],"jetpack_sharing_enabled":true,"_links":{"self":[{"href":"https:\/\/gogosicily.com\/de\/wp-json\/wp\/v2\/pages\/111","targetHints":{"allow":["GET"]}}],"collection":[{"href":"https:\/\/gogosicily.com\/de\/wp-json\/wp\/v2\/pages"}],"about":[{"href":"https:\/\/gogosicily.com\/de\/wp-json\/wp\/v2\/types\/page"}],"author":[{"embeddable":true,"href":"https:\/\/gogosicily.com\/de\/wp-json\/wp\/v2\/users\/2"}],"replies":[{"embeddable":true,"href":"https:\/\/gogosicily.com\/de\/wp-json\/wp\/v2\/comments?post=111"}],"version-history":[{"count":3,"href":"https:\/\/gogosicily.com\/de\/wp-json\/wp\/v2\/pages\/111\/revisions"}],"predecessor-version":[{"id":441,"href":"https:\/\/gogosicily.com\/de\/wp-json\/wp\/v2\/pages\/111\/revisions\/441"}],"wp:attachment":[{"href":"https:\/\/gogosicily.com\/de\/wp-json\/wp\/v2\/media?parent=111"}],"curies":[{"name":"wp","href":"https:\/\/api.w.org\/{rel}","templated":true}]}}